{"id":31,"date":"2009-09-22T00:53:09","date_gmt":"2009-09-21T22:53:09","guid":{"rendered":"http:\/\/test.studio-augsburg.de\/?page_id=31"},"modified":"2022-03-02T07:30:21","modified_gmt":"2022-03-02T06:30:21","slug":"impressum","status":"publish","type":"page","link":"http:\/\/www.lutz-anwalt.de\/?page_id=31","title":{"rendered":"Impressum"},"content":{"rendered":"<p><strong>Hinweise gem. \u00a7 6 des Teledienstegesetzes (TDG)<\/strong><\/p>\n<p><strong>Bezeichnung und Kontaktdaten<\/strong><\/p>\n<p>Rechtsanwalt Franz Lutz<\/p>\n<p>Fuggerstr. 1<\/p>\n<p>86150 Augsburg<\/p>\n<p>Deutschland<\/p>\n<p>Tel.: 0821 \/ 35000<\/p>\n<p>Fax: 0821 \/ 51 76 34<\/p>\n<p>E-mail: Lutz-Rechtsanwalt@t-online.de<\/p>\n<p>Die auf dieser Homepage genannten Rechtsanw\u00e4lte f\u00fchren die Berufsbezeichnung &#8222;Rechtsanwalt Bundesrepubik Deutschland&#8220;. Der Rechtsanwalt Franz Lutz ist in der Bundesrepublik Deutschland zugelassen.<\/p>\n<p><strong>Aufsichtsbeh\u00f6rde und zust\u00e4ndige Kammer<\/strong><\/p>\n<p>Rechtsanwaltskammer f\u00fcr den Oberlandesgerichtsbezirk M\u00fcnchen<\/p>\n<p>Tal 33<\/p>\n<p>80331 M\u00fcnchen<\/p>\n<p>Tel.: 089 \/ 532944-0<\/p>\n<p>Fax: 089 \/ 532944-28<\/p>\n<p>http:\/\/www.rechtsanwaltskammer-muenchen.de<\/p>\n<p><strong>Es gelten folgende Geb\u00fchren- und Berufsordnungen<\/strong><\/p>\n<p>BRAO &#8211; Bundesrechtsanwaltsordnung<\/p>\n<p>BORA &#8211; Berufsordnung f\u00fcr Rechtsanw\u00e4lte<\/p>\n<p>Fachanwaltsordnung<\/p>\n<p>Bundesrechtsanwaltsverg\u00fctungsgesetz (RVG)<\/p>\n<p>Berufsregeln der Rechtsanw\u00e4lte der Europ\u00e4ischen Gemeinschaft (CCBE)<\/p>\n<p>Gesetz \u00fcber die T\u00e4tigkeit europ\u00e4ischer Rechtsanw\u00e4lte<\/p>\n<p>in Deutschland (EuRAG) v. 9. 3. 2000 (BGBl. I S. 182)<\/p>\n<p>Law Implementing the Directives of the European<\/p>\n<p>Community pertaining to the professional law<\/p>\n<p>regulating the legal profession<\/p>\n<p>Umsatzsteueridentifikationsnummer:<\/p>\n<p>DE<\/p>\n<p><strong>Informationen zur Streitbeilegung mit Verbrauchern<\/strong><\/p>\n<p>Eine Beteiligung an Streitbeilegungsverfahren vor einer Verbraucherschlichtungsstelle wird von mir nicht durchgef\u00fchrt.<br \/>\n<a href=\"http:\/\/ec.europa.eu\/consumers\/odr\/\">Plattform der EU-Kommission zur Online Streitbeilegung<\/a><\/p>\n<p><strong>Haftung f\u00fcr Inhalte<\/strong><\/p>\n<p>Die Inhalte unserer Seiten wurden mit gr\u00f6\u00dfter Sorgfalt erstellt. F\u00fcr die Richtigkeit, Vollst\u00e4ndigkeit und Aktualit\u00e4t der Inhalte k\u00f6nnen wir jedoch keine Gew\u00e4hr \u00fcbernehmen.<br \/>\nAls Diensteanbieter sind wir gem\u00e4\u00df \u00a7 6 Abs.1 MDStV und \u00a7 8 Abs.1 TDG f\u00fcr eigene Inhalte auf diesen Seiten nach den allgemeinen Gesetzen verantwortlich. Diensteanbieter sind jedoch nicht verpflichtet, die von ihnen \u00fcbermittelten oder gespeicherten fremden Informationen zu \u00fcberwachen oder nach Umst\u00e4nden zu forschen, die auf eine rechtswidrige T\u00e4tigkeit hinweisen. Verpflichtungen zur Entfernung oder Sperrung der Nutzung von Informationen nach den allgemeinen Gesetzen bleiben hiervon unber\u00fchrt. Eine diesbez\u00fcgliche Haftung ist jedoch erst ab dem Zeitpunkt der Kenntnis einer konkreten Rechtsverletzung m\u00f6glich. Bei bekannt werden von entsprechenden Rechtsverletzungen werden wir diese Inhalte umgehend entfernen.<\/p>\n<p><strong>Haftung f\u00fcr Links<\/strong><\/p>\n<p>Unser Angebot enth\u00e4lt Links zu externen Webseiten Dritter, auf deren Inhalte wir keinen Einfluss haben. Deshalb k\u00f6nnen wir f\u00fcr diese fremden Inhalte auch keine Gew\u00e4hr \u00fcbernehmen. F\u00fcr die Inhalte der verlinkten Seiten ist stets der jeweilige Anbieter oder Betreiber der Seiten verantwortlich. Die verlinkten Seiten wurden zum Zeitpunkt der Verlinkung auf m\u00f6gliche Rechtsverst\u00f6\u00dfe \u00fcberpr\u00fcft. Rechtswidrige Inhalte waren zum Zeitpunkt der Verlinkung nicht erkennbar. Eine permanente inhaltliche Kontrolle der verlinkten Seiten ist jedoch ohne konkrete Anhaltspunkte einer Rechtsverletzung nicht zumutbar. Bei bekannt werden von Rechtsverletzungen werden wir derartige Links umgehend entfernen.<\/p>\n<p><strong>Urheberrecht<\/strong><\/p>\n<p>Die Betreiber der Seiten sind bem\u00fcht, stets die Urheberrechte anderer zu beachten bzw. auf selbst erstellte sowie lizenzfreie Werke zur\u00fcckzugreifen.<\/p>\n<p>Die durch die Seitenbetreiber erstellten Inhalte und Werke auf diesen Seiten unterliegen dem deutschen Urheberrecht. Beitr\u00e4ge Dritter sind als solche gekennzeichnet. Die Vervielf\u00e4ltigung, Bearbeitung, Verbreitung und jede Art der Verwertung au\u00dferhalb der Grenzen des Urheberrechtes bed\u00fcrfen der schriftlichen Zustimmung des jeweiligen Autors bzw. Erstellers. Downloads und Kopien dieser Seite sind nur f\u00fcr den privaten, nicht kommerziellen Gebrauch gestattet.<\/p>\n<p><strong>Hinweise zur Datenverarbeitung<\/strong><\/p>\n<p><em>1. Name und Kontaktdaten des f\u00fcr die Verarbeitung Verantwortlichen sowie des betrieblichen Datenschutzbeauftragten<\/em><\/p>\n<p>Diese Datenschutzhinweise gelten f\u00fcr die Datenverarbeitung durch:<br \/>\nVerantwortlicher: Rechtsanwalt Franz Lutz, Fuggerstr. 1, 86150 Augsburg, Deutschland Email: Lutz-Rechtsanwalt@t-online.de Telefon: +49 (0)821\/35000 Fax: +49 (0)821\/517634<\/p>\n<p><em>2. Erhebung und Speicherung personenbezogener Daten sowie Art und Zweck und deren Verwendung<\/em><\/p>\n<p>Wenn Sie uns mandatieren, erheben wir folgende Informationen:<br \/>\n\u2022 Anrede, Vorname, Nachname,<br \/>\n\u2022 eine g\u00fcltige E-Mail-Adresse,<br \/>\n\u2022 Anschrift,<br \/>\n\u2022 Telefonnummer (Festnetz und\/oder Mobilfunk)<br \/>\n\u2022 Informationen, die f\u00fcr die Geltendmachung und Verteidigung Ihrer Rechte im Rahmen des Mandats notwendig sind<br \/>\nDie Erhebung dieser Daten erfolgt,<br \/>\n\u2022 um Sie als unseren Mandanten identifizieren zu k\u00f6nnen;<br \/>\n\u2022 um Sie angemessen anwaltlich beraten und vertreten zu k\u00f6nnen;<br \/>\n\u2022 zur Korrespondenz mit Ihnen;<br \/>\n\u2022 zur Rechnungsstellung;<br \/>\n\u2022 zur Abwicklung von evtl. vorliegenden Haftungsanspr\u00fcchen sowie der Geltendmachung etwaiger Anspr\u00fcche gegen Sie;<br \/>\nDie Datenverarbeitung erfolgt auf Ihre Anfrage hin und ist nach Art. 6 Abs. 1 S. 1 lit. b DSGVO zu den genannten Zwecken f\u00fcr die angemessene Bearbeitung des Mandats und f\u00fcr die beidseitige Erf\u00fcllung von Verpflichtungen aus dem Mandatsvertrag erforderlich.<br \/>\nDie f\u00fcr die Mandatierung von uns erhobenen personenbezogenen Daten werden bis zum Ablauf der gesetzlichen Aufbewahrungspflicht f\u00fcr Anw\u00e4lte (6 Jahre nach Ablauf des Kalenderjahres, in dem das Mandat beendet wurde,) gespeichert und danach gel\u00f6scht, es sei denn, dass wir nach Artikel 6 Abs. 1 S. 1 lit. c DSGVO aufgrund von steuer- und handelsrechtlichen Aufbewahrungs- und Dokumentationspflichten (aus HGB, StGB oder AO) zu einer l\u00e4ngeren Speicherung verpflichtet sind oder Sie in eine dar\u00fcber hinaus gehende Speicherung nach Art. 6 Abs. 1 S. 1 lit. a DSGVO eingewilligt haben.<\/p>\n<p><em>3. Weitergabe von Daten an Dritte<\/em><\/p>\n<p>Eine \u00dcbermittlung Ihrer pers\u00f6nlichen Daten an Dritte zu anderen als den im Folgenden aufgef\u00fchrten Zwecken findet nicht statt.<br \/>\nSoweit dies nach Art. 6 Abs. 1 S. 1 lit. b DSGVO f\u00fcr die Abwicklung von Mandatsverh\u00e4ltnissen mit Ihnen erforderlich ist, werden Ihre personenbezogenen Daten an Dritte weitergegeben. Hierzu geh\u00f6rt insbesondere die Weitergabe an Verfahrensgegner und deren Vertreter (insbesondere deren Rechtsanw\u00e4lte) sowie Gerichte und andere \u00f6ffentliche Beh\u00f6rden zum Zwecke der Korrespondenz sowie zur Geltendmachung und Verteidigung Ihrer Rechte. Die weitergegebenen Daten d\u00fcrfen von dem Dritten ausschlie\u00dflich zu den genannten Zwecken verwendet werden.<br \/>\nDas Anwaltsgeheimnis bleibt unber\u00fchrt. Soweit es sich um Daten handelt, die dem Anwaltsgeheimnis unterliegen, erfolgt eine Weitergabe an Dritte nur in Absprache mit Ihnen.<\/p>\n<p><em>4. Betroffenenrechte<\/em><\/p>\n<p>Sie haben das Recht:<br \/>\n\u2022 gem\u00e4\u00df Art. 7 Abs. 3 DSGVO Ihre einmal erteilte Einwilligung jederzeit gegen\u00fcber uns zu widerrufen. Dies hat zur Folge, dass wir die Datenverarbeitung, die auf dieser Einwilligung beruhte, f\u00fcr die Zukunft nicht mehr fortf\u00fchren d\u00fcrfen;<br \/>\n\u2022 gem\u00e4\u00df Art. 15 DSGVO Auskunft \u00fcber Ihre von uns verarbeiteten personenbezogenen Daten zu verlangen. Insbesondere k\u00f6nnen Sie Auskunft \u00fcber die Verarbeitungszwecke, die Kategorie der personenbezogenen Daten, die Kategorien von Empf\u00e4ngern, gegen\u00fcber denen Ihre Daten offengelegt wurden oder werden, die geplante Speicherdauer, das Bestehen eines Rechts auf Berichtigung, L\u00f6schung, Einschr\u00e4nkung der Verarbeitung oder Widerspruch, das Bestehen eines Beschwerderechts, die Herkunft ihrer Daten, sofern diese nicht bei uns erhoben wurden, sowie \u00fcber das Bestehen einer automatisierten Entscheidungsfindung einschlie\u00dflich Profiling und ggf. aussagekr\u00e4ftigen Informationen zu deren Einzelheiten verlangen;<br \/>\n\u2022 gem\u00e4\u00df Art. 16 DSGVO unverz\u00fcglich die Berichtigung unrichtiger oder Vervollst\u00e4ndigung Ihrer bei uns gespeicherten personenbezogenen Daten zu verlangen;<br \/>\n\u2022 gem\u00e4\u00df Art. 17 DSGVO die L\u00f6schung Ihrer bei uns gespeicherten personenbezogenen Daten zu verlangen, soweit nicht die Verarbeitung zur Aus\u00fcbung des Rechts auf freie Meinungs\u00e4u\u00dferung und Information, zur Erf\u00fcllung einer rechtlichen Verpflichtung, aus Gr\u00fcnden des \u00f6ffentlichen Interesses oder zur Geltendmachung, Aus\u00fcbung oder Verteidigung von Rechtsanspr\u00fcchen erforderlich ist;<br \/>\n\u2022 gem\u00e4\u00df Art. 18 DSGVO die Einschr\u00e4nkung der Verarbeitung Ihrer personenbezogenen Daten zu verlangen, soweit die Richtigkeit der Daten von Ihnen bestritten wird, die Verarbeitung unrechtm\u00e4\u00dfig ist, Sie aber deren L\u00f6schung ablehnen und wir die Daten nicht mehr ben\u00f6tigen, Sie jedoch diese zur Geltendmachung, Aus\u00fcbung oder Verteidigung von Rechtsanspr\u00fcchen ben\u00f6tigen oder Sie gem\u00e4\u00df Art. 21 DSGVO Widerspruch gegen die Verarbeitung eingelegt haben;<br \/>\n\u2022 gem\u00e4\u00df Art. 20 DSGVO Ihre personenbezogenen Daten, die Sie uns bereitgestellt haben, in einem strukturierten, g\u00e4ngigen und maschinenlesebaren Format zu erhalten oder die \u00dcbermittlung an einen anderen Verantwortlichen zu verlangen und<br \/>\n\u2022 gem\u00e4\u00df Art. 77 DSGVO sich bei einer Aufsichtsbeh\u00f6rde zu beschweren. In der Regel k\u00f6nnen Sie sich hierf\u00fcr an die Aufsichtsbeh\u00f6rde Ihres \u00fcblichen Aufenthaltsortes oder Arbeitsplatzes oder unseres Kanzleisitzes wenden.<\/p>\n<p><em>5. Widerspruchsrecht<\/em><\/p>\n<p>Sofern Ihre personenbezogenen Daten auf Grundlage von berechtigten Interessen gem\u00e4\u00df Art. 6 Abs. 1 S. 1 lit. f DSGVO verarbeitet werden, haben Sie das Recht, gem\u00e4\u00df Art. 21 DSGVO Widerspruch gegen die Verarbeitung Ihrer personenbezogenen Daten einzulegen, soweit daf\u00fcr Gr\u00fcnde vorliegen, die sich aus Ihrer besonderen Situation ergeben.<br \/>\nM\u00f6chten Sie von Ihrem Widerspruchsrecht Gebrauch machen, gen\u00fcgt eine E-Mail an Lutz-Rechtsanwalt@t-online.de<\/p>\n","protected":false},"excerpt":{"rendered":"<p>Hinweise gem. \u00a7 6 des Teledienstegesetzes (TDG) Bezeichnung und Kontaktdaten Rechtsanwalt Franz Lutz Fuggerstr. 1 86150 Augsburg Deutschland Tel.: 0821 \/ 35000 Fax: 0821 \/ 51 76 34 E-mail: Lutz-Rechtsanwalt@t-online.de Die auf dieser Homepage genannten Rechtsanw\u00e4lte f\u00fchren die Berufsbezeichnung &#8222;Rechtsanwalt Bundesrepubik Deutschland&#8220;. Der Rechtsanwalt Franz Lutz ist in der Bundesrepublik Deutschland zugelassen. Aufsichtsbeh\u00f6rde und zust\u00e4ndige [&hellip;]<\/p>\n","protected":false},"author":1,"featured_media":0,"parent":0,"menu_order":99,"comment_status":"closed","ping_status":"open","template":"","meta":[],"_links":{"self":[{"href":"http:\/\/www.lutz-anwalt.de\/index.php?rest_route=\/wp\/v2\/pages\/31"}],"collection":[{"href":"http:\/\/www.lutz-anwalt.de\/index.php?rest_route=\/wp\/v2\/pages"}],"about":[{"href":"http:\/\/www.lutz-anwalt.de\/index.php?rest_route=\/wp\/v2\/types\/page"}],"author":[{"embeddable":true,"href":"http:\/\/www.lutz-anwalt.de\/index.php?rest_route=\/wp\/v2\/users\/1"}],"replies":[{"embeddable":true,"href":"http:\/\/www.lutz-anwalt.de\/index.php?rest_route=%2Fwp%2Fv2%2Fcomments&post=31"}],"version-history":[{"count":15,"href":"http:\/\/www.lutz-anwalt.de\/index.php?rest_route=\/wp\/v2\/pages\/31\/revisions"}],"predecessor-version":[{"id":129,"href":"http:\/\/www.lutz-anwalt.de\/index.php?rest_route=\/wp\/v2\/pages\/31\/revisions\/129"}],"wp:attachment":[{"href":"http:\/\/www.lutz-anwalt.de\/index.php?rest_route=%2Fwp%2Fv2%2Fmedia&parent=31"}],"curies":[{"name":"wp","href":"https:\/\/api.w.org\/{rel}","templated":true}]}}